{"id":2666,"date":"2022-12-16T11:22:25","date_gmt":"2022-12-16T04:22:25","guid":{"rendered":"https:\/\/cdlaf.az9s.group\/?page_id=2666"},"modified":"2023-10-04T12:30:25","modified_gmt":"2023-10-04T05:30:25","slug":"tax-accounting","status":"publish","type":"page","link":"https:\/\/cdlaf.vn\/en\/expertises\/tax-accounting\/","title":{"rendered":"Tax &#8211; Accounting"},"content":{"rendered":"\n\t<section class=\"section ct_banner banner_bg\" id=\"section_938266716\">\n\t\t<div class=\"section-bg fill\" >\n\t\t\t\t\t\t\t\t\t\n\t\t\t\n\n\t\t<\/div>\n\n\t\t\n\n\t\t<div class=\"section-content relative\">\n\t\t\t\n\n\n  <div class=\"banner has-hover\" id=\"banner-650370826\">\n          <div class=\"banner-inner fill\">\n        <div class=\"banner-bg fill\" >\n            <img loading=\"lazy\" decoding=\"async\" width=\"2560\" height=\"1707\" src=\"https:\/\/cdlaf.vn\/wp-content\/uploads\/2025\/07\/Term-n-Condition-scaled.jpg\" class=\"bg attachment-original size-original\" alt=\"\" \/>                                    \n                    <\/div>\n\t\t\n        <div class=\"banner-layers container\">\n            <div class=\"fill banner-link\"><\/div>            \n\n   <div id=\"text-box-1214352822\" class=\"text-box banner-layer x50 md-x50 lg-x50 y50 md-y50 lg-y50 res-text\">\n                                <div class=\"text-box-content text dark\">\n              \n              <div class=\"text-inner text-left\">\n                  \n\n\t<div id=\"text-1734983788\" class=\"text\">\n\t\t\n\n<h1>Tax &#8211; Accounting<\/h1>\n\t\t\n<style>\n#text-1734983788 {\n  text-align: center;\n}\n<\/style>\n\t<\/div>\n\t\n\n              <\/div>\n           <\/div>\n                            \n<style>\n#text-box-1214352822 {\n  width: 100%;\n}\n#text-box-1214352822 .text-box-content {\n  font-size: 130%;\n}\n<\/style>\n    <\/div>\n \n\n        <\/div>\n      <\/div>\n\n            \n<style>\n#banner-650370826 {\n  padding-top: 450px;\n}\n<\/style>\n  <\/div>\n\n\n\n\t\t<\/div>\n\n\t\t\n<style>\n#section_938266716 {\n  padding-top: 0px;\n  padding-bottom: 0px;\n}\n<\/style>\n\t<\/section>\n\t\n\n\t<section class=\"section dv_thongtin\" id=\"section_445297680\">\n\t\t<div class=\"section-bg fill\" >\n\t\t\t\t\t\t\t\t\t\n\t\t\t\n\n\t\t<\/div>\n\n\t\t\n\n\t\t<div class=\"section-content relative\">\n\t\t\t\n<div class=\"row\"  id=\"row-147129819\">\n\n\t<div id=\"col-765362743\" class=\"col medium-9 small-12 large-9\"  >\n\t\t\t\t<div class=\"col-inner\"  >\n\t\t\t\n\t\t\t\n\t<div id=\"text-1830513746\" class=\"text title-dichvu\">\n\t\t\n<h2>Tax &#8211; Accounting<\/h2>\n<p>We advise and develop financial regulations (salary scale, bonus, overtime, etc.) to ensure that the business&#8217;s financial concerns comply with labor and social insurance regulations. We also work towards the harmonization of business and employee interests based on legal compliance.<\/p>\n<p>The advisory solutions provided by CDLAF&#8217;s Lawyers to clients are based on a general assessment\u00a0of tax and accounting regulations, accounting standards, international treaties that Vietnam is a part of and practices in Vietnam, and tax policies of state agencies.<\/p>\n<p>At CDLAF, we help our clients to:<\/p>\n<ul>\n<li>Advise and ensure compliance with tax and accounting obligations established by law for businesses, foreign investors, and employees, etc. to business cost optimization, enjoy tax incentives, and swiftly meet their tax declaration and payment obligations in Vietnam.<\/li>\n<li>Advise and develop a business plan (selecting business lines, business model, business location, and level of investment capital, etc.) to assist foreign investors in fulfilling the requirements for tax incentives when investing in Vietnam.<\/li>\n<li>Prepare documents, represent clients at work sessions, and perform procedures at authorized agencies.<\/li>\n<\/ul>\n<p>\u00a0<\/p>\n\t\t\t<\/div>\n\t\n\t\t<\/div>\n\t\t\t\t\t<\/div>\n\n\t\n\n\t<div id=\"col-1117197375\" class=\"col col-sticky-sb medium-3 small-12 large-3\"  >\n\t\t\t\t<div class=\"col-inner\"  >\n\t\t\t\n\t\t\t\n<ul class=\"sidebar-wrapper ul-reset\"><div id=\"custom_html-2\" class=\"widget_text col pb-0 widget widget_custom_html\"><div class=\"textwidget custom-html-widget\"><div class=\"pf-form-inner\">\r\n\n<div class=\"wpcf7 no-js\" id=\"wpcf7-f11397-o1\" lang=\"en-US\" dir=\"ltr\" data-wpcf7-id=\"11397\">\n<div class=\"screen-reader-response\"><p role=\"status\" aria-live=\"polite\" aria-atomic=\"true\"><\/p> <ul><\/ul><\/div>\n<form action=\"\/en\/wp-json\/wp\/v2\/pages\/2666#wpcf7-f11397-o1\" method=\"post\" class=\"wpcf7-form init\" aria-label=\"Contact form\" novalidate=\"novalidate\" data-status=\"init\">\n<fieldset class=\"hidden-fields-container\"><input type=\"hidden\" name=\"_wpcf7\" value=\"11397\" \/><input type=\"hidden\" name=\"_wpcf7_version\" value=\"6.1.5\" \/><input type=\"hidden\" name=\"_wpcf7_locale\" value=\"en_US\" \/><input type=\"hidden\" name=\"_wpcf7_unit_tag\" value=\"wpcf7-f11397-o1\" \/><input type=\"hidden\" name=\"_wpcf7_container_post\" value=\"0\" \/><input type=\"hidden\" name=\"_wpcf7_posted_data_hash\" value=\"\" \/>\n<\/fieldset>\n<p><span class=\"title-people\">Schedule a Consultation<\/span><br \/>\n<label><br \/>\n<span class=\"wpcf7-form-control-wrap\" data-name=\"your-name\"><input size=\"40\" maxlength=\"400\" class=\"wpcf7-form-control wpcf7-text wpcf7-validates-as-required\" autocomplete=\"name\" aria-required=\"true\" aria-invalid=\"false\" placeholder=\"Name\" value=\"\" type=\"text\" name=\"your-name\" \/><\/span> <\/label>\n<\/p>\n<p><label><br \/>\n<span class=\"wpcf7-form-control-wrap\" data-name=\"your-email\"><input size=\"40\" maxlength=\"400\" class=\"wpcf7-form-control wpcf7-email wpcf7-validates-as-required wpcf7-text wpcf7-validates-as-email\" autocomplete=\"email\" aria-required=\"true\" aria-invalid=\"false\" placeholder=\"Email\" value=\"\" type=\"email\" name=\"your-email\" \/><\/span> <\/label>\n<\/p>\n<p><label><br \/>\n<span class=\"wpcf7-form-control-wrap\" data-name=\"your-phone\"><input size=\"40\" maxlength=\"400\" class=\"wpcf7-form-control wpcf7-tel wpcf7-validates-as-required wpcf7-text wpcf7-validates-as-tel\" aria-required=\"true\" aria-invalid=\"false\" placeholder=\"Phone\" value=\"\" type=\"tel\" name=\"your-phone\" \/><\/span> <\/label>\n<\/p>\n<p><label><br \/>\n<span class=\"wpcf7-form-control-wrap\" data-name=\"your-message\"><textarea cols=\"40\" rows=\"10\" maxlength=\"2000\" class=\"wpcf7-form-control wpcf7-textarea\" aria-invalid=\"false\" placeholder=\"Comment\" name=\"your-message\"><\/textarea><\/span> <\/label>\n<\/p>\n<p><input class=\"wpcf7-form-control wpcf7-submit has-spinner\" type=\"submit\" value=\"Submit\" \/>\n<\/p>\n<div class=\"txt-people\">\n\t<p>We will keep the contents of your submission strictly confidential. Submitting this form, however, does not creat an attorney-client relationship.\n\t<\/p>\n<\/div><div class=\"wpcf7-response-output\" aria-hidden=\"true\"><\/div>\n<\/form>\n<\/div>\n \r\n<\/div><\/div><\/div><div id=\"block-3\" class=\"col pb-0 widget widget_block\"><p><div class=\"row\"  id=\"row-436318380\">\n\n\n\t<div id=\"col-2130084898\" class=\"col col-border-dv small-12 large-12\"  >\n\t\t\t\t<div class=\"col-inner\"  >\n\t\t\t\n\t\t\t\n\n\t<div id=\"text-3859926388\" class=\"text title-dichvu\">\n\t\t\n\n<h3>Other services<\/h3>\n\t\t\t<\/div>\n\t\n\t<div class=\"ux-menu stack stack-col justify-start ux-menu--divider-solid hidden\">\n\t\t\n\n\t<div class=\"ux-menu-link flex menu-item\">\n\t\t<a class=\"ux-menu-link__link flex\" href=\"https:\/\/cdlaf.vn\/dich-vu\/doanh-nghiep\/\" >\n\t\t\t\t\t\t<span class=\"ux-menu-link__text\">\n\t\t\t\tDoanh nghi\u1ec7p\t\t\t<\/span>\n\t\t<\/a>\n\t<\/div>\n\t\n\n\t<div class=\"ux-menu-link flex menu-item\">\n\t\t<a class=\"ux-menu-link__link flex\" href=\"https:\/\/cdlaf.vn\/dich-vu\/dau-tu\/\" >\n\t\t\t\t\t\t<span class=\"ux-menu-link__text\">\n\t\t\t\t\u0110\u1ea7u t\u01b0\t\t\t<\/span>\n\t\t<\/a>\n\t<\/div>\n\t\n\n\t<div class=\"ux-menu-link flex menu-item\">\n\t\t<a class=\"ux-menu-link__link flex\" href=\"https:\/\/cdlaf.vn\/dich-vu\/tu-van-thuong-xuyen\/\" >\n\t\t\t\t\t\t<span class=\"ux-menu-link__text\">\n\t\t\t\tT\u01b0 v\u1ea5n th\u01b0\u1eddng xuy\u00ean\t\t\t<\/span>\n\t\t<\/a>\n\t<\/div>\n\t\n\n\t<div class=\"ux-menu-link flex menu-item\">\n\t\t<a class=\"ux-menu-link__link flex\" href=\"https:\/\/cdlaf.vn\/dich-vu\/giay-phep\/\" >\n\t\t\t\t\t\t<span class=\"ux-menu-link__text\">\n\t\t\t\tGi\u1ea5y ph\u00e9p\t\t\t<\/span>\n\t\t<\/a>\n\t<\/div>\n\t\n\n\t<div class=\"ux-menu-link flex menu-item\">\n\t\t<a class=\"ux-menu-link__link flex\" href=\"https:\/\/cdlaf.vn\/dich-vu\/thuong-mai-dien-tu-va-cong-nghe\/\" >\n\t\t\t\t\t\t<span class=\"ux-menu-link__text\">\n\t\t\t\t\u0110\u1ea1i di\u1ec7n\t\t\t<\/span>\n\t\t<\/a>\n\t<\/div>\n\t\n\n\t<div class=\"ux-menu-link flex menu-item\">\n\t\t<a class=\"ux-menu-link__link flex\" href=\"https:\/\/cdlaf.vn\/dich-vu\/dao-tao-ky-nang-phap-ly\/\" >\n\t\t\t\t\t\t<span class=\"ux-menu-link__text\">\n\t\t\t\t\u0110\u00e0o t\u1ea1o k\u1ef9 n\u0103ng ph\u00e1p l\u00fd\t\t\t<\/span>\n\t\t<\/a>\n\t<\/div>\n\t\n\n\t<div class=\"ux-menu-link flex menu-item\">\n\t\t<a class=\"ux-menu-link__link flex\" href=\"https:\/\/cdlaf.vn\/dich-vu\/thue-ke-toan-tien-luong\/\" >\n\t\t\t\t\t\t<span class=\"ux-menu-link__text\">\n\t\t\t\tThu\u1ebf - k\u1ebf to\u00e1n \u2013 ti\u1ec1n l\u01b0\u01a1ng\t\t\t<\/span>\n\t\t<\/a>\n\t<\/div>\n\t\n\n\t<div class=\"ux-menu-link flex menu-item\">\n\t\t<a class=\"ux-menu-link__link flex\" href=\"https:\/\/cdlaf.vn\/dich-vu\/lao-dong\/\" >\n\t\t\t\t\t\t<span class=\"ux-menu-link__text\">\n\t\t\t\tLao \u0111\u1ed9ng\t\t\t<\/span>\n\t\t<\/a>\n\t<\/div>\n\t\n\n\t<div class=\"ux-menu-link flex menu-item\">\n\t\t<a class=\"ux-menu-link__link flex\" href=\"https:\/\/cdlaf.vn\/dich-vu\/mua-ban-sat-nhap\/\" >\n\t\t\t\t\t\t<span class=\"ux-menu-link__text\">\n\t\t\t\tMua b\u00e1n &amp; s\u00e1p nh\u1eadp\t\t\t<\/span>\n\t\t<\/a>\n\t<\/div>\n\t\n\n\t<div class=\"ux-menu-link flex menu-item\">\n\t\t<a class=\"ux-menu-link__link flex\" href=\"https:\/\/cdlaf.vn\/dich-vu\/so-huu-tri-tue\/\" >\n\t\t\t\t\t\t<span class=\"ux-menu-link__text\">\n\t\t\t\tS\u1edf h\u1eefu tr\u00ed tu\u1ec7\t\t\t<\/span>\n\t\t<\/a>\n\t<\/div>\n\t\n\n\t<div class=\"ux-menu-link flex menu-item\">\n\t\t<a class=\"ux-menu-link__link flex\" href=\"https:\/\/cdlaf.vn\/dich-vu\/bat-dong-san\/\" >\n\t\t\t\t\t\t<span class=\"ux-menu-link__text\">\n\t\t\t\tB\u1ea5t \u0111\u1ed9ng s\u1ea3n\t\t\t<\/span>\n\t\t<\/a>\n\t<\/div>\n\t\n\n\t<div class=\"ux-menu-link flex menu-item\">\n\t\t<a class=\"ux-menu-link__link flex\" href=\"https:\/\/cdlaf.vn\/dich-vu\/luat-su-gia-dinh\/\" >\n\t\t\t\t\t\t<span class=\"ux-menu-link__text\">\n\t\t\t\tLu\u1eadt s\u01b0 gia \u0111\u00ecnh\t\t\t<\/span>\n\t\t<\/a>\n\t<\/div>\n\t\n\n\t<div class=\"ux-menu-link flex menu-item\">\n\t\t<a class=\"ux-menu-link__link flex\" href=\"https:\/\/cdlaf.vn\/dich-vu\/hop-dong\/\" >\n\t\t\t\t\t\t<span class=\"ux-menu-link__text\">\n\t\t\t\tH\u1ee3p \u0111\u1ed3ng\t\t\t<\/span>\n\t\t<\/a>\n\t<\/div>\n\t\n\n\t<div class=\"ux-menu-link flex menu-item\">\n\t\t<a class=\"ux-menu-link__link flex\" href=\"https:\/\/cdlaf.vn\/dich-vu\/du-lieu-ca-nhan\/\" >\n\t\t\t\t\t\t<span class=\"ux-menu-link__text\">\n\t\t\t\tD\u1ecbch thu\u1eadt\t\t\t<\/span>\n\t\t<\/a>\n\t<\/div>\n\t\n\n\t<div class=\"ux-menu-link flex menu-item\">\n\t\t<a class=\"ux-menu-link__link flex\" href=\"https:\/\/cdlaf.vn\/dich-vu\/giai-quyet-tranh-chap\/\" >\n\t\t\t\t\t\t<span class=\"ux-menu-link__text\">\n\t\t\t\tGi\u1ea3i quy\u1ebft tranh ch\u1ea5p\t\t\t<\/span>\n\t\t<\/a>\n\t<\/div>\n\t\n\n\n\t<\/div>\n\t\n<p><div class=\"menu-menu-service-container\"><ul id=\"menu-menu-service\" class=\"sc-menu\"><li id=\"menu-item-11561\" class=\"menu-item menu-item-type-custom menu-item-object-custom menu-item-11561\"><a href=\"https:\/\/phaplycongnghe.cdlaf.vn\/en\">Technology<\/a><\/li>\n<li id=\"menu-item-11562\" class=\"menu-item menu-item-type-custom menu-item-object-custom menu-item-11562\"><a href=\"https:\/\/tuvanthuongxuyen.cdlaf.vn\/en\">In House Counsel<\/a><\/li>\n<li id=\"menu-item-11546\" class=\"menu-item menu-item-type-post_type menu-item-object-page menu-item-11546\"><a href=\"https:\/\/cdlaf.vn\/en\/expertises\/contract-consulting\/\">Contract Consulting<\/a><\/li>\n<li id=\"menu-item-11547\" class=\"menu-item menu-item-type-post_type menu-item-object-page menu-item-11547\"><a href=\"https:\/\/cdlaf.vn\/en\/expertises\/dispute-resolution\/\">Dispute Resolution<\/a><\/li>\n<li id=\"menu-item-11549\" class=\"menu-item menu-item-type-post_type menu-item-object-page menu-item-11549\"><a href=\"https:\/\/cdlaf.vn\/en\/expertises\/company-establishment\/\">Enterprise<\/a><\/li>\n<li id=\"menu-item-11550\" class=\"menu-item menu-item-type-post_type menu-item-object-page menu-item-11550\"><a href=\"https:\/\/cdlaf.vn\/en\/expertises\/family-lawyer\/\">Family Lawyer<\/a><\/li>\n<li id=\"menu-item-11552\" class=\"menu-item menu-item-type-post_type menu-item-object-page menu-item-11552\"><a href=\"https:\/\/cdlaf.vn\/en\/expertises\/intellectual-property\/\">Intellectual property<\/a><\/li>\n<li id=\"menu-item-11553\" class=\"menu-item menu-item-type-post_type menu-item-object-page menu-item-11553\"><a href=\"https:\/\/cdlaf.vn\/en\/expertises\/investment\/\">Investment<\/a><\/li>\n<li id=\"menu-item-11554\" class=\"menu-item menu-item-type-post_type menu-item-object-page menu-item-11554\"><a href=\"https:\/\/cdlaf.vn\/en\/expertises\/labor\/\">Labor<\/a><\/li>\n<li id=\"menu-item-11566\" class=\"menu-item menu-item-type-post_type menu-item-object-page menu-item-11566\"><a href=\"https:\/\/cdlaf.vn\/en\/expertises\/legal-training\/\">Legal Skills Training<\/a><\/li>\n<li id=\"menu-item-11556\" class=\"menu-item menu-item-type-post_type menu-item-object-page menu-item-11556\"><a href=\"https:\/\/cdlaf.vn\/en\/expertises\/licensing\/\">Licensing<\/a><\/li>\n<li id=\"menu-item-11557\" class=\"menu-item menu-item-type-post_type menu-item-object-page menu-item-11557\"><a href=\"https:\/\/cdlaf.vn\/en\/expertises\/ma\/\">M&#038;A<\/a><\/li>\n<li id=\"menu-item-11558\" class=\"menu-item menu-item-type-post_type menu-item-object-page menu-item-11558\"><a href=\"https:\/\/cdlaf.vn\/en\/expertises\/real-estate\/\">Real Estate<\/a><\/li>\n<li id=\"menu-item-11559\" class=\"menu-item menu-item-type-post_type menu-item-object-page menu-item-11559\"><a href=\"https:\/\/cdlaf.vn\/en\/expertises\/tax-accounting\/\">Tax \u2013 Accounting<\/a><\/li>\n<li id=\"menu-item-11560\" class=\"menu-item menu-item-type-post_type menu-item-object-page menu-item-11560\"><a href=\"https:\/\/cdlaf.vn\/en\/expertises\/personal-data\/\">Personal Data<\/a><\/li>\n<li id=\"menu-item-11638\" class=\"menu-item menu-item-type-post_type menu-item-object-page menu-item-11638\"><a href=\"https:\/\/cdlaf.vn\/en\/expertises\/term-and-condition\/\">Term And Condition<\/a><\/li>\n<\/ul><\/div><\/p>\n\n\n\t\t<\/div>\n\t\t\t\t\t<\/div>\n\n\t\n\n<\/div><\/p>\n<\/div><\/ul>\n\t\t<\/div>\n\t\t\t\t\t<\/div>\n\n\t\n<\/div>\n\t\t<\/div>\n\n\t\t\n<style>\n#section_445297680 {\n  padding-top: 80px;\n  padding-bottom: 80px;\n}\n<\/style>\n\t<\/section>\n\t\n\n\t<section class=\"section st_blog_new st_blog_cdv\" id=\"section_421087365\">\n\t\t<div class=\"section-bg fill\" >\n\t\t\t\t\t\t\t\t\t\n\t\t\t\n\n\t\t<\/div>\n\n\t\t\n\n\t\t<div class=\"section-content relative\">\n\t\t\t\n<div class=\"row\"  id=\"row-1328749448\">\n\n\t<div id=\"col-1875875537\" class=\"col small-12 large-12\"  >\n\t\t\t\t<div class=\"col-inner\"  >\n\t\t\t\n\t\t\t\n\t<div id=\"text-2683495517\" class=\"text title-dichvu\">\n\t\t\n<h2>Services about Tax &#8211; Accounting CDLAF provided<\/h2>\n\t\t\t<\/div>\n\t\n\t\t<\/div>\n\t\t\t\t\t<\/div>\n\n\t\n\n\t<div id=\"col-763374064\" class=\"col col-dv-padding small-12 large-12\"  >\n\t\t\t\t<div class=\"col-inner\"  >\n\t\t\t\n\t\t\t\n\n  \n    <div class=\"row large-columns-3 medium-columns-1 small-columns-1 row-xsmall\" >\n  <div class=\"col post-item\" >\n\t\t\t<div class=\"col-inner\">\n\t\t\t\t<div class=\"box box-normal box-text-bottom box-blog-post has-hover\">\n            \t\t\t\t\t<div class=\"box-image\" >\n  \t\t\t\t\t\t<div class=\"image-zoom image-cover\" style=\"padding-top:56.25%;\">\n\t\t\t\t\t\t\t<a href=\"https:\/\/cdlaf.vn\/en\/tax-consultancy-and-accounting-services-for-enterprises\/\" class=\"plain\" aria-label=\"Tax Consultancy and Accounting services for enterprises\">\n\t\t\t\t\t\t\t\t<img loading=\"lazy\" decoding=\"async\" width=\"793\" height=\"330\" src=\"https:\/\/cdlaf.vn\/wp-content\/uploads\/2023\/10\/AdobeStock_439299420.jpeg\" class=\"attachment-medium size-medium wp-post-image\" alt=\"\" srcset=\"https:\/\/cdlaf.vn\/wp-content\/uploads\/2023\/10\/AdobeStock_439299420.jpeg 793w, https:\/\/cdlaf.vn\/wp-content\/uploads\/2023\/10\/AdobeStock_439299420-768x320.jpeg 768w\" sizes=\"auto, (max-width: 793px) 100vw, 793px\" \/>\t\t\t\t\t\t\t<\/a>\n  \t\t\t\t\t\t\t  \t\t\t\t\t\t\t  \t\t\t\t\t\t<\/div>\n  \t\t\t\t\t\t  \t\t\t\t\t<\/div>\n          \t\t\t\t\t<div class=\"box-text text-left\" >\n\t\t\t\t\t<div class=\"box-text-inner blog-post-inner\">\n\n\t\t\t\t\t\n\t\t\t\t\t\t\t\t\t\t<h3 class=\"post-title is-large \">\n\t\t\t\t\t\t<a href=\"https:\/\/cdlaf.vn\/en\/tax-consultancy-and-accounting-services-for-enterprises\/\" class=\"plain\">Tax Consultancy and Accounting services for enterprises<\/a>\n\t\t\t\t\t<\/h3>\n\t\t\t\t\t\t\t\t\t\t<div class=\"is-divider\"><\/div>\n\t\t\t\t\t\t\t\t\t\t<p class=\"from_the_blog_excerpt \">\n\t\t\t\t\t\tFully and punctually fulfilling tax obligations, and setting up and recording accounting books in accordance with regulations...\t\t\t\t\t<\/p>\n\t\t\t\t\t                    \n\t\t\t\t\t\n\t\t\t\t\t    <div class=\"metablog\">\n        <span>\n            <i class=\"fas fa-folder\"><\/i>&nbsp;\n            <a href=\"https:\/\/cdlaf.vn\/en\/investment\/\">Investment<\/a>        <\/span>\n        |\n        <span>\n            7 October, 2023        <\/span>\n    <\/div>\n    \n\t\t\t\t\t<\/div>\n\t\t\t\t\t<\/div>\n\t\t\t\t\t\t\t\t\t\t\t\t\t\t\t\t<div class=\"badge absolute top post-date badge-outline\">\n\t\t\t\t\t\t\t<div class=\"badge-inner\">\n\t\t\t\t\t\t\t\t<span class=\"post-date-day\">07<\/span><br>\n\t\t\t\t\t\t\t\t<span class=\"post-date-month is-xsmall\">Oct<\/span>\n\t\t\t\t\t\t\t<\/div>\n\t\t\t\t\t\t<\/div>\n\t\t\t\t\t\t\t\t\t<\/div>\n\t\t\t<\/div>\n\t\t<\/div><div class=\"col post-item\" >\n\t\t\t<div class=\"col-inner\">\n\t\t\t\t<div class=\"box box-normal box-text-bottom box-blog-post has-hover\">\n            \t\t\t\t\t<div class=\"box-image\" >\n  \t\t\t\t\t\t<div class=\"image-zoom image-cover\" style=\"padding-top:56.25%;\">\n\t\t\t\t\t\t\t<a href=\"https:\/\/cdlaf.vn\/en\/enterprise-compliance-services\/\" class=\"plain\" aria-label=\"Enterprise compliance services\">\n\t\t\t\t\t\t\t\t<img loading=\"lazy\" decoding=\"async\" width=\"604\" height=\"400\" src=\"https:\/\/cdlaf.vn\/wp-content\/uploads\/2023\/10\/pexels-pixabay-272980-1-604x400.jpg\" class=\"attachment-medium size-medium wp-post-image\" alt=\"\" srcset=\"https:\/\/cdlaf.vn\/wp-content\/uploads\/2023\/10\/pexels-pixabay-272980-1-604x400.jpg 604w, https:\/\/cdlaf.vn\/wp-content\/uploads\/2023\/10\/pexels-pixabay-272980-1-768x509.jpg 768w, https:\/\/cdlaf.vn\/wp-content\/uploads\/2023\/10\/pexels-pixabay-272980-1.jpg 1024w\" sizes=\"auto, (max-width: 604px) 100vw, 604px\" \/>\t\t\t\t\t\t\t<\/a>\n  \t\t\t\t\t\t\t  \t\t\t\t\t\t\t  \t\t\t\t\t\t<\/div>\n  \t\t\t\t\t\t  \t\t\t\t\t<\/div>\n          \t\t\t\t\t<div class=\"box-text text-left\" >\n\t\t\t\t\t<div class=\"box-text-inner blog-post-inner\">\n\n\t\t\t\t\t\n\t\t\t\t\t\t\t\t\t\t<h3 class=\"post-title is-large \">\n\t\t\t\t\t\t<a href=\"https:\/\/cdlaf.vn\/en\/enterprise-compliance-services\/\" class=\"plain\">Enterprise compliance services<\/a>\n\t\t\t\t\t<\/h3>\n\t\t\t\t\t\t\t\t\t\t<div class=\"is-divider\"><\/div>\n\t\t\t\t\t\t\t\t\t\t<p class=\"from_the_blog_excerpt \">\n\t\t\t\t\t\tCDLAF is a law firm in Vietnam, we understand the obligations that foreign investors must comply with...\t\t\t\t\t<\/p>\n\t\t\t\t\t                    \n\t\t\t\t\t\n\t\t\t\t\t    <div class=\"metablog\">\n        <span>\n            <i class=\"fas fa-folder\"><\/i>&nbsp;\n            <a href=\"https:\/\/cdlaf.vn\/en\/tax-accounting\/\">Tax - Accounting<\/a>        <\/span>\n        |\n        <span>\n            7 October, 2023        <\/span>\n    <\/div>\n    \n\t\t\t\t\t<\/div>\n\t\t\t\t\t<\/div>\n\t\t\t\t\t\t\t\t\t\t\t\t\t\t\t\t<div class=\"badge absolute top post-date badge-outline\">\n\t\t\t\t\t\t\t<div class=\"badge-inner\">\n\t\t\t\t\t\t\t\t<span class=\"post-date-day\">07<\/span><br>\n\t\t\t\t\t\t\t\t<span class=\"post-date-month is-xsmall\">Oct<\/span>\n\t\t\t\t\t\t\t<\/div>\n\t\t\t\t\t\t<\/div>\n\t\t\t\t\t\t\t\t\t<\/div>\n\t\t\t<\/div>\n\t\t<\/div><\/div>\n\t\t<\/div>\n\t\t\t\t\t<\/div>\n\n\t\n\n\t<div id=\"col-1890014490\" class=\"col small-12 large-12\"  >\n\t\t\t\t<div class=\"col-inner\"  >\n\t\t\t\n\t\t\t\n<div>\n\t<div id=\"ajax-load-more-wrapper\">\n\n\t\t<div id=\"ajax-load-more-posts\"\n\t\t\tclass=\"row large-columns-3 medium-columns-1 small-columns-1 row-xsmall\">\n\t\t<\/div>\n\n\t\t<div class=\"text-center ajax-load-more-wrap\" style=\"margin-top:30px;\">\n\t\t\t<button \n\t\t\t\tid=\"ajax-load-more-btn\"\n\t\t\t\tclass=\"button primary\"\n\t\t\t\tdata-post-type=\"post\"\n\t\t\t\tdata-posts-per-page=\"3\"\n\t\t\t\tdata-offset=\"3\"\n\t\t\t\tdata-category=\"tax-accounting\">\n\t\t\t\tLoad more\t\t\t<\/button>\n\t\t<\/div>\n\n\t<\/div>\n\n\t<script>\n\tjQuery(document).ready(function($){\n\n\t\t$('#ajax-load-more-btn').on('click', function(){\n\n\t\t\tvar button = $(this);\n\n\t\t\tif (button.hasClass('loading')) {\n\t\t\t\treturn;\n\t\t\t}\n\n\t\t\tvar offset = parseInt(button.attr('data-offset'));\n\t\t\tvar postType = button.attr('data-post-type');\n\t\t\tvar postsPerPage = button.attr('data-posts-per-page');\n\t\t\tvar category = button.attr('data-category');\n\n\t\t\tbutton.addClass('loading');\n\t\t\tbutton.prop('disabled', true);\n\t\t\tbutton.text('\u0110ang t\u1ea3i...');\n\n\t\t\t$.ajax({\n\t\t\t\turl: 'https:\/\/cdlaf.vn\/wp-admin\/admin-ajax.php',\n\t\t\t\ttype: 'POST',\n\t\t\t\tdata: {\n\t\t\t\t\taction: 'ajax_load_more_action',\n\t\t\t\t\toffset: offset,\n\t\t\t\t\tpost_type: postType,\n\t\t\t\t\tposts_per_page: postsPerPage,\n\t\t\t\t\tcategory: category\n\t\t\t\t},\n\t\t\t\tsuccess: function(response){\n\n\t\t\t\t\tif ($.trim(response) !== '') {\n\n\t\t\t\t\t\t$('#ajax-load-more-posts').append(response);\n\n\t\t\t\t\t\toffset += parseInt(postsPerPage);\n\t\t\t\t\t\tbutton.attr('data-offset', offset);\n\n\t\t\t\t\t\tbutton.removeClass('loading');\n\t\t\t\t\t\tbutton.prop('disabled', false);\n\t\t\t\t\t\tbutton.text('Load more');\n\n\t\t\t\t\t} else {\n\t\t\t\t\t\tbutton.closest('.ajax-load-more-wrap').fadeOut(300);\n\t\t\t\t\t}\n\t\t\t\t},\n\t\t\t\terror: function() {\n\t\t\t\t\tbutton.removeClass('loading');\n\t\t\t\t\tbutton.prop('disabled', false);\n\t\t\t\t\tbutton.text('Load more');\n\t\t\t\t}\n\t\t\t});\n\n\t\t});\n\n\t});\n\t<\/script>\n\n\t<\/div>\n\t\t<\/div>\n\t\t\t\t\t<\/div>\n\n\t\n<\/div>\n\t\t<\/div>\n\n\t\t\n<style>\n#section_421087365 {\n  padding-top: 80px;\n  padding-bottom: 80px;\n}\n<\/style>\n\t<\/section>\n\t\n","protected":false},"excerpt":{"rendered":"","protected":false},"author":4,"featured_media":0,"parent":2699,"menu_order":0,"comment_status":"closed","ping_status":"closed","template":"page-transparent-header.php","meta":{"_acf_changed":false,"footnotes":""},"class_list":["post-2666","page","type-page","status-publish","hentry"],"acf":[],"_links":{"self":[{"href":"https:\/\/cdlaf.vn\/en\/wp-json\/wp\/v2\/pages\/2666","targetHints":{"allow":["GET"]}}],"collection":[{"href":"https:\/\/cdlaf.vn\/en\/wp-json\/wp\/v2\/pages"}],"about":[{"href":"https:\/\/cdlaf.vn\/en\/wp-json\/wp\/v2\/types\/page"}],"author":[{"embeddable":true,"href":"https:\/\/cdlaf.vn\/en\/wp-json\/wp\/v2\/users\/4"}],"replies":[{"embeddable":true,"href":"https:\/\/cdlaf.vn\/en\/wp-json\/wp\/v2\/comments?post=2666"}],"version-history":[{"count":0,"href":"https:\/\/cdlaf.vn\/en\/wp-json\/wp\/v2\/pages\/2666\/revisions"}],"up":[{"embeddable":true,"href":"https:\/\/cdlaf.vn\/en\/wp-json\/wp\/v2\/pages\/2699"}],"wp:attachment":[{"href":"https:\/\/cdlaf.vn\/en\/wp-json\/wp\/v2\/media?parent=2666"}],"curies":[{"name":"wp","href":"https:\/\/api.w.org\/{rel}","templated":true}]}}