{"id":2697,"date":"2022-11-22T16:12:41","date_gmt":"2022-11-22T09:12:41","guid":{"rendered":"https:\/\/cdlaf.az9s.group\/?page_id=2697"},"modified":"2025-06-04T11:45:29","modified_gmt":"2025-06-04T04:45:29","slug":"company-establishment","status":"publish","type":"page","link":"https:\/\/cdlaf.vn\/en\/expertises\/company-establishment\/","title":{"rendered":"Enterprise"},"content":{"rendered":"\n\t<section class=\"section ct_banner banner_bg\" id=\"section_2056404941\">\n\t\t<div class=\"section-bg fill\" >\n\t\t\t\t\t\t\t\t\t\n\t\t\t\n\n\t\t<\/div>\n\n\t\t\n\n\t\t<div class=\"section-content relative\">\n\t\t\t\n\n\n  <div class=\"banner has-hover\" id=\"banner-310093314\">\n          <div class=\"banner-inner fill\">\n        <div class=\"banner-bg fill\" >\n            <img loading=\"lazy\" decoding=\"async\" width=\"2560\" height=\"1707\" src=\"https:\/\/cdlaf.vn\/wp-content\/uploads\/2025\/07\/Term-n-Condition-scaled.jpg\" class=\"bg attachment-original size-original\" alt=\"\" \/>                                    \n                    <\/div>\n\t\t\n        <div class=\"banner-layers container\">\n            <div class=\"fill banner-link\"><\/div>            \n\n   <div id=\"text-box-7802756\" class=\"text-box banner-layer x50 md-x50 lg-x50 y50 md-y50 lg-y50 res-text\">\n                                <div class=\"text-box-content text dark\">\n              \n              <div class=\"text-inner text-left\">\n                  \n\n\t<div id=\"text-1425451395\" class=\"text\">\n\t\t\n\n<h1>Enterprise<\/h1>\n\t\t\n<style>\n#text-1425451395 {\n  text-align: center;\n}\n<\/style>\n\t<\/div>\n\t\n\n              <\/div>\n           <\/div>\n                            \n<style>\n#text-box-7802756 {\n  width: 100%;\n}\n#text-box-7802756 .text-box-content {\n  font-size: 130%;\n}\n<\/style>\n    <\/div>\n \n\n        <\/div>\n      <\/div>\n\n            \n<style>\n#banner-310093314 {\n  padding-top: 450px;\n}\n<\/style>\n  <\/div>\n\n\n\n\t\t<\/div>\n\n\t\t\n<style>\n#section_2056404941 {\n  padding-top: 0px;\n  padding-bottom: 0px;\n}\n<\/style>\n\t<\/section>\n\t\n\n\t<section class=\"section dv_thongtin\" id=\"section_1927170893\">\n\t\t<div class=\"section-bg fill\" >\n\t\t\t\t\t\t\t\t\t\n\t\t\t\n\n\t\t<\/div>\n\n\t\t\n\n\t\t<div class=\"section-content relative\">\n\t\t\t\n<div class=\"row\"  id=\"row-1576867\">\n\n\t<div id=\"col-1873146513\" class=\"col medium-9 small-12 large-9\"  >\n\t\t\t\t<div class=\"col-inner\"  >\n\t\t\t\n\t\t\t\n\t<div id=\"text-2953202405\" class=\"text title-dichvu\">\n\t\t\n<h2>Enterprise<\/h2>\n<p>Enterprise is the preferred form chosen by Vietnamese and foreign investors to carry out business activities in Vietnam; because of the unique advantages this form offers. Furthermore, based on the business strategy, the Investor may consider selecting one of the alternative forms rather than establishing a new enterprise, such as: Branches, Representative Offices, or receiving the transfer of contributed capital, purchasing shares or charter capital to participate in the management of the Enterprise. Investors decide based on the predicted business strategy, investment capital level, and business sector to identify conditions that the legislation requires on each operating model.<\/p>\n<p>At CDLAF, we help our clients to:<\/p>\n<ul>\n<li>Advise and assist clients in making decisions on business sectors, locations, and operating models\u00a0that are suitable for the business plan;<\/li>\n<li>Evaluate the legal status of the head office location, including the right to do business, tax incentives, and the right to transfer or lease the location of the management party.<\/li>\n<li>Prepare documents and represent clients at authorized agencies to perform procedures;<\/li>\n<li>Assist clients with capital contributions, profit transfers, and revenue recognition methods in line with their sector and tax regulations.<\/li>\n<li>Provide clients with the compliance management process of the business after that is established;<\/li>\n<li>Guide clients to perform necessary tasks after completing the change procedures at competent state authority in order to maintain compliance such as: notifying tax authorities, banks, periodically reporting obligations, etc.<\/li>\n<\/ul>\n\t\t\t<\/div>\n\t\n\t\t<\/div>\n\t\t\t\t\t<\/div>\n\n\t\n\n\t<div id=\"col-1896526565\" class=\"col col-sticky-sb medium-3 small-12 large-3\"  >\n\t\t\t\t<div class=\"col-inner\"  >\n\t\t\t\n\t\t\t\n<ul class=\"sidebar-wrapper ul-reset\"><div id=\"custom_html-2\" class=\"widget_text col pb-0 widget widget_custom_html\"><div class=\"textwidget custom-html-widget\"><div class=\"pf-form-inner\">\r\n\n<div class=\"wpcf7 no-js\" id=\"wpcf7-f11397-o1\" lang=\"en-US\" dir=\"ltr\" data-wpcf7-id=\"11397\">\n<div class=\"screen-reader-response\"><p role=\"status\" aria-live=\"polite\" aria-atomic=\"true\"><\/p> <ul><\/ul><\/div>\n<form action=\"\/en\/wp-json\/wp\/v2\/pages\/2697#wpcf7-f11397-o1\" method=\"post\" class=\"wpcf7-form init\" aria-label=\"Contact form\" novalidate=\"novalidate\" data-status=\"init\">\n<fieldset class=\"hidden-fields-container\"><input type=\"hidden\" name=\"_wpcf7\" value=\"11397\" \/><input type=\"hidden\" name=\"_wpcf7_version\" value=\"6.1.5\" \/><input type=\"hidden\" name=\"_wpcf7_locale\" value=\"en_US\" \/><input type=\"hidden\" name=\"_wpcf7_unit_tag\" value=\"wpcf7-f11397-o1\" \/><input type=\"hidden\" name=\"_wpcf7_container_post\" value=\"0\" \/><input type=\"hidden\" name=\"_wpcf7_posted_data_hash\" value=\"\" \/>\n<\/fieldset>\n<p><span class=\"title-people\">Schedule a Consultation<\/span><br \/>\n<label><br \/>\n<span class=\"wpcf7-form-control-wrap\" data-name=\"your-name\"><input size=\"40\" maxlength=\"400\" class=\"wpcf7-form-control wpcf7-text wpcf7-validates-as-required\" autocomplete=\"name\" aria-required=\"true\" aria-invalid=\"false\" placeholder=\"Name\" value=\"\" type=\"text\" name=\"your-name\" \/><\/span> <\/label>\n<\/p>\n<p><label><br \/>\n<span class=\"wpcf7-form-control-wrap\" data-name=\"your-email\"><input size=\"40\" maxlength=\"400\" class=\"wpcf7-form-control wpcf7-email wpcf7-validates-as-required wpcf7-text wpcf7-validates-as-email\" autocomplete=\"email\" aria-required=\"true\" aria-invalid=\"false\" placeholder=\"Email\" value=\"\" type=\"email\" name=\"your-email\" \/><\/span> <\/label>\n<\/p>\n<p><label><br \/>\n<span class=\"wpcf7-form-control-wrap\" data-name=\"your-phone\"><input size=\"40\" maxlength=\"400\" class=\"wpcf7-form-control wpcf7-tel wpcf7-validates-as-required wpcf7-text wpcf7-validates-as-tel\" aria-required=\"true\" aria-invalid=\"false\" placeholder=\"Phone\" value=\"\" type=\"tel\" name=\"your-phone\" \/><\/span> <\/label>\n<\/p>\n<p><label><br \/>\n<span class=\"wpcf7-form-control-wrap\" data-name=\"your-message\"><textarea cols=\"40\" rows=\"10\" maxlength=\"2000\" class=\"wpcf7-form-control wpcf7-textarea\" aria-invalid=\"false\" placeholder=\"Comment\" name=\"your-message\"><\/textarea><\/span> <\/label>\n<\/p>\n<p><input class=\"wpcf7-form-control wpcf7-submit has-spinner\" type=\"submit\" value=\"Submit\" \/>\n<\/p>\n<div class=\"txt-people\">\n\t<p>We will keep the contents of your submission strictly confidential. Submitting this form, however, does not creat an attorney-client relationship.\n\t<\/p>\n<\/div><div class=\"wpcf7-response-output\" aria-hidden=\"true\"><\/div>\n<\/form>\n<\/div>\n \r\n<\/div><\/div><\/div><div id=\"block-3\" class=\"col pb-0 widget widget_block\"><p><div class=\"row\"  id=\"row-215616898\">\n\n\n\t<div id=\"col-1995118244\" class=\"col col-border-dv small-12 large-12\"  >\n\t\t\t\t<div class=\"col-inner\"  >\n\t\t\t\n\t\t\t\n\n\t<div id=\"text-2960448459\" class=\"text title-dichvu\">\n\t\t\n\n<h3>Other services<\/h3>\n\t\t\t<\/div>\n\t\n\t<div class=\"ux-menu stack stack-col justify-start ux-menu--divider-solid hidden\">\n\t\t\n\n\t<div class=\"ux-menu-link flex menu-item\">\n\t\t<a class=\"ux-menu-link__link flex\" href=\"https:\/\/cdlaf.vn\/dich-vu\/doanh-nghiep\/\" >\n\t\t\t\t\t\t<span class=\"ux-menu-link__text\">\n\t\t\t\tDoanh nghi\u1ec7p\t\t\t<\/span>\n\t\t<\/a>\n\t<\/div>\n\t\n\n\t<div class=\"ux-menu-link flex menu-item\">\n\t\t<a class=\"ux-menu-link__link flex\" href=\"https:\/\/cdlaf.vn\/dich-vu\/dau-tu\/\" >\n\t\t\t\t\t\t<span class=\"ux-menu-link__text\">\n\t\t\t\t\u0110\u1ea7u t\u01b0\t\t\t<\/span>\n\t\t<\/a>\n\t<\/div>\n\t\n\n\t<div class=\"ux-menu-link flex menu-item\">\n\t\t<a class=\"ux-menu-link__link flex\" href=\"https:\/\/cdlaf.vn\/dich-vu\/tu-van-thuong-xuyen\/\" >\n\t\t\t\t\t\t<span class=\"ux-menu-link__text\">\n\t\t\t\tT\u01b0 v\u1ea5n th\u01b0\u1eddng xuy\u00ean\t\t\t<\/span>\n\t\t<\/a>\n\t<\/div>\n\t\n\n\t<div class=\"ux-menu-link flex menu-item\">\n\t\t<a class=\"ux-menu-link__link flex\" href=\"https:\/\/cdlaf.vn\/dich-vu\/giay-phep\/\" >\n\t\t\t\t\t\t<span class=\"ux-menu-link__text\">\n\t\t\t\tGi\u1ea5y ph\u00e9p\t\t\t<\/span>\n\t\t<\/a>\n\t<\/div>\n\t\n\n\t<div class=\"ux-menu-link flex menu-item\">\n\t\t<a class=\"ux-menu-link__link flex\" href=\"https:\/\/cdlaf.vn\/dich-vu\/thuong-mai-dien-tu-va-cong-nghe\/\" >\n\t\t\t\t\t\t<span class=\"ux-menu-link__text\">\n\t\t\t\t\u0110\u1ea1i di\u1ec7n\t\t\t<\/span>\n\t\t<\/a>\n\t<\/div>\n\t\n\n\t<div class=\"ux-menu-link flex menu-item\">\n\t\t<a class=\"ux-menu-link__link flex\" href=\"https:\/\/cdlaf.vn\/dich-vu\/dao-tao-ky-nang-phap-ly\/\" >\n\t\t\t\t\t\t<span class=\"ux-menu-link__text\">\n\t\t\t\t\u0110\u00e0o t\u1ea1o k\u1ef9 n\u0103ng ph\u00e1p l\u00fd\t\t\t<\/span>\n\t\t<\/a>\n\t<\/div>\n\t\n\n\t<div class=\"ux-menu-link flex menu-item\">\n\t\t<a class=\"ux-menu-link__link flex\" href=\"https:\/\/cdlaf.vn\/dich-vu\/thue-ke-toan-tien-luong\/\" >\n\t\t\t\t\t\t<span class=\"ux-menu-link__text\">\n\t\t\t\tThu\u1ebf - k\u1ebf to\u00e1n \u2013 ti\u1ec1n l\u01b0\u01a1ng\t\t\t<\/span>\n\t\t<\/a>\n\t<\/div>\n\t\n\n\t<div class=\"ux-menu-link flex menu-item\">\n\t\t<a class=\"ux-menu-link__link flex\" href=\"https:\/\/cdlaf.vn\/dich-vu\/lao-dong\/\" >\n\t\t\t\t\t\t<span class=\"ux-menu-link__text\">\n\t\t\t\tLao \u0111\u1ed9ng\t\t\t<\/span>\n\t\t<\/a>\n\t<\/div>\n\t\n\n\t<div class=\"ux-menu-link flex menu-item\">\n\t\t<a class=\"ux-menu-link__link flex\" href=\"https:\/\/cdlaf.vn\/dich-vu\/mua-ban-sat-nhap\/\" >\n\t\t\t\t\t\t<span class=\"ux-menu-link__text\">\n\t\t\t\tMua b\u00e1n &amp; s\u00e1p nh\u1eadp\t\t\t<\/span>\n\t\t<\/a>\n\t<\/div>\n\t\n\n\t<div class=\"ux-menu-link flex menu-item\">\n\t\t<a class=\"ux-menu-link__link flex\" href=\"https:\/\/cdlaf.vn\/dich-vu\/so-huu-tri-tue\/\" >\n\t\t\t\t\t\t<span class=\"ux-menu-link__text\">\n\t\t\t\tS\u1edf h\u1eefu tr\u00ed tu\u1ec7\t\t\t<\/span>\n\t\t<\/a>\n\t<\/div>\n\t\n\n\t<div class=\"ux-menu-link flex menu-item\">\n\t\t<a class=\"ux-menu-link__link flex\" href=\"https:\/\/cdlaf.vn\/dich-vu\/bat-dong-san\/\" >\n\t\t\t\t\t\t<span class=\"ux-menu-link__text\">\n\t\t\t\tB\u1ea5t \u0111\u1ed9ng s\u1ea3n\t\t\t<\/span>\n\t\t<\/a>\n\t<\/div>\n\t\n\n\t<div class=\"ux-menu-link flex menu-item\">\n\t\t<a class=\"ux-menu-link__link flex\" href=\"https:\/\/cdlaf.vn\/dich-vu\/luat-su-gia-dinh\/\" >\n\t\t\t\t\t\t<span class=\"ux-menu-link__text\">\n\t\t\t\tLu\u1eadt s\u01b0 gia \u0111\u00ecnh\t\t\t<\/span>\n\t\t<\/a>\n\t<\/div>\n\t\n\n\t<div class=\"ux-menu-link flex menu-item\">\n\t\t<a class=\"ux-menu-link__link flex\" href=\"https:\/\/cdlaf.vn\/dich-vu\/hop-dong\/\" >\n\t\t\t\t\t\t<span class=\"ux-menu-link__text\">\n\t\t\t\tH\u1ee3p \u0111\u1ed3ng\t\t\t<\/span>\n\t\t<\/a>\n\t<\/div>\n\t\n\n\t<div class=\"ux-menu-link flex menu-item\">\n\t\t<a class=\"ux-menu-link__link flex\" href=\"https:\/\/cdlaf.vn\/dich-vu\/du-lieu-ca-nhan\/\" >\n\t\t\t\t\t\t<span class=\"ux-menu-link__text\">\n\t\t\t\tD\u1ecbch thu\u1eadt\t\t\t<\/span>\n\t\t<\/a>\n\t<\/div>\n\t\n\n\t<div class=\"ux-menu-link flex menu-item\">\n\t\t<a class=\"ux-menu-link__link flex\" href=\"https:\/\/cdlaf.vn\/dich-vu\/giai-quyet-tranh-chap\/\" >\n\t\t\t\t\t\t<span class=\"ux-menu-link__text\">\n\t\t\t\tGi\u1ea3i quy\u1ebft tranh ch\u1ea5p\t\t\t<\/span>\n\t\t<\/a>\n\t<\/div>\n\t\n\n\n\t<\/div>\n\t\n<p><div class=\"menu-menu-service-container\"><ul id=\"menu-menu-service\" class=\"sc-menu\"><li id=\"menu-item-11561\" class=\"menu-item menu-item-type-custom menu-item-object-custom menu-item-11561\"><a href=\"https:\/\/phaplycongnghe.cdlaf.vn\/en\">Technology<\/a><\/li>\n<li id=\"menu-item-11562\" class=\"menu-item menu-item-type-custom menu-item-object-custom menu-item-11562\"><a href=\"https:\/\/tuvanthuongxuyen.cdlaf.vn\/en\">In House Counsel<\/a><\/li>\n<li id=\"menu-item-11546\" class=\"menu-item menu-item-type-post_type menu-item-object-page menu-item-11546\"><a href=\"https:\/\/cdlaf.vn\/en\/expertises\/contract-consulting\/\">Contract Consulting<\/a><\/li>\n<li id=\"menu-item-11547\" class=\"menu-item menu-item-type-post_type menu-item-object-page menu-item-11547\"><a href=\"https:\/\/cdlaf.vn\/en\/expertises\/dispute-resolution\/\">Dispute Resolution<\/a><\/li>\n<li id=\"menu-item-11549\" class=\"menu-item menu-item-type-post_type menu-item-object-page menu-item-11549\"><a href=\"https:\/\/cdlaf.vn\/en\/expertises\/company-establishment\/\">Enterprise<\/a><\/li>\n<li id=\"menu-item-11550\" class=\"menu-item menu-item-type-post_type menu-item-object-page menu-item-11550\"><a href=\"https:\/\/cdlaf.vn\/en\/expertises\/family-lawyer\/\">Family Lawyer<\/a><\/li>\n<li id=\"menu-item-11552\" class=\"menu-item menu-item-type-post_type menu-item-object-page menu-item-11552\"><a href=\"https:\/\/cdlaf.vn\/en\/expertises\/intellectual-property\/\">Intellectual property<\/a><\/li>\n<li id=\"menu-item-11553\" class=\"menu-item menu-item-type-post_type menu-item-object-page menu-item-11553\"><a href=\"https:\/\/cdlaf.vn\/en\/expertises\/investment\/\">Investment<\/a><\/li>\n<li id=\"menu-item-11554\" class=\"menu-item menu-item-type-post_type menu-item-object-page menu-item-11554\"><a href=\"https:\/\/cdlaf.vn\/en\/expertises\/labor\/\">Labor<\/a><\/li>\n<li id=\"menu-item-11566\" class=\"menu-item menu-item-type-post_type menu-item-object-page menu-item-11566\"><a href=\"https:\/\/cdlaf.vn\/en\/expertises\/legal-training\/\">Legal Skills Training<\/a><\/li>\n<li id=\"menu-item-11556\" class=\"menu-item menu-item-type-post_type menu-item-object-page menu-item-11556\"><a href=\"https:\/\/cdlaf.vn\/en\/expertises\/licensing\/\">Licensing<\/a><\/li>\n<li id=\"menu-item-11557\" class=\"menu-item menu-item-type-post_type menu-item-object-page menu-item-11557\"><a href=\"https:\/\/cdlaf.vn\/en\/expertises\/ma\/\">M&#038;A<\/a><\/li>\n<li id=\"menu-item-11558\" class=\"menu-item menu-item-type-post_type menu-item-object-page menu-item-11558\"><a href=\"https:\/\/cdlaf.vn\/en\/expertises\/real-estate\/\">Real Estate<\/a><\/li>\n<li id=\"menu-item-11559\" class=\"menu-item menu-item-type-post_type menu-item-object-page menu-item-11559\"><a href=\"https:\/\/cdlaf.vn\/en\/expertises\/tax-accounting\/\">Tax \u2013 Accounting<\/a><\/li>\n<li id=\"menu-item-11560\" class=\"menu-item menu-item-type-post_type menu-item-object-page menu-item-11560\"><a href=\"https:\/\/cdlaf.vn\/en\/expertises\/personal-data\/\">Personal Data<\/a><\/li>\n<li id=\"menu-item-11638\" class=\"menu-item menu-item-type-post_type menu-item-object-page menu-item-11638\"><a href=\"https:\/\/cdlaf.vn\/en\/expertises\/term-and-condition\/\">Term And Condition<\/a><\/li>\n<\/ul><\/div><\/p>\n\n\n\t\t<\/div>\n\t\t\t\t\t<\/div>\n\n\t\n\n<\/div><\/p>\n<\/div><\/ul>\n\t\t<\/div>\n\t\t\t\t\t<\/div>\n\n\t\n<\/div>\n\t\t<\/div>\n\n\t\t\n<style>\n#section_1927170893 {\n  padding-top: 80px;\n  padding-bottom: 80px;\n}\n<\/style>\n\t<\/section>\n\t\n\n\t<section class=\"section st_blog_new st_blog_cdv\" id=\"section_2145792666\">\n\t\t<div class=\"section-bg fill\" >\n\t\t\t\t\t\t\t\t\t\n\t\t\t\n\n\t\t<\/div>\n\n\t\t\n\n\t\t<div class=\"section-content relative\">\n\t\t\t\n<div class=\"row\"  id=\"row-2092151311\">\n\n\t<div id=\"col-1796348968\" class=\"col small-12 large-12\"  >\n\t\t\t\t<div class=\"col-inner\"  >\n\t\t\t\n\t\t\t\n\t<div id=\"text-4264190238\" class=\"text title-dichvu\">\n\t\t\n<h2>Services about Enterprise CDLAF provided<\/h2>\n\t\t\t<\/div>\n\t\n\t\t<\/div>\n\t\t\t\t\t<\/div>\n\n\t\n\n\t<div id=\"col-1134611462\" class=\"col col-dv-padding small-12 large-12\"  >\n\t\t\t\t<div class=\"col-inner\"  >\n\t\t\t\n\t\t\t\n\n  \n    <div class=\"row large-columns-3 medium-columns-1 small-columns-1 row-xsmall\" >\n  <\/div>\n\t\t<\/div>\n\t\t\t\t\t<\/div>\n\n\t\n\n\t<div id=\"col-1747460671\" class=\"col small-12 large-12\"  >\n\t\t\t\t<div class=\"col-inner\"  >\n\t\t\t\n\t\t\t\n<div>\n\t<div id=\"ajax-load-more-wrapper\">\n\n\t\t<div id=\"ajax-load-more-posts\"\n\t\t\tclass=\"row large-columns-3 medium-columns-1 small-columns-1 row-xsmall\">\n\t\t<\/div>\n\n\t\t<div class=\"text-center ajax-load-more-wrap\" style=\"margin-top:30px;\">\n\t\t\t<button \n\t\t\t\tid=\"ajax-load-more-btn\"\n\t\t\t\tclass=\"button primary\"\n\t\t\t\tdata-post-type=\"post\"\n\t\t\t\tdata-posts-per-page=\"3\"\n\t\t\t\tdata-offset=\"3\"\n\t\t\t\tdata-category=\"enterprise\">\n\t\t\t\tLoad more\t\t\t<\/button>\n\t\t<\/div>\n\n\t<\/div>\n\n\t<script>\n\tjQuery(document).ready(function($){\n\n\t\t$('#ajax-load-more-btn').on('click', function(){\n\n\t\t\tvar button = $(this);\n\n\t\t\tif (button.hasClass('loading')) {\n\t\t\t\treturn;\n\t\t\t}\n\n\t\t\tvar offset = parseInt(button.attr('data-offset'));\n\t\t\tvar postType = button.attr('data-post-type');\n\t\t\tvar postsPerPage = button.attr('data-posts-per-page');\n\t\t\tvar category = button.attr('data-category');\n\n\t\t\tbutton.addClass('loading');\n\t\t\tbutton.prop('disabled', true);\n\t\t\tbutton.text('\u0110ang t\u1ea3i...');\n\n\t\t\t$.ajax({\n\t\t\t\turl: 'https:\/\/cdlaf.vn\/wp-admin\/admin-ajax.php',\n\t\t\t\ttype: 'POST',\n\t\t\t\tdata: {\n\t\t\t\t\taction: 'ajax_load_more_action',\n\t\t\t\t\toffset: offset,\n\t\t\t\t\tpost_type: postType,\n\t\t\t\t\tposts_per_page: postsPerPage,\n\t\t\t\t\tcategory: category\n\t\t\t\t},\n\t\t\t\tsuccess: function(response){\n\n\t\t\t\t\tif ($.trim(response) !== '') {\n\n\t\t\t\t\t\t$('#ajax-load-more-posts').append(response);\n\n\t\t\t\t\t\toffset += parseInt(postsPerPage);\n\t\t\t\t\t\tbutton.attr('data-offset', offset);\n\n\t\t\t\t\t\tbutton.removeClass('loading');\n\t\t\t\t\t\tbutton.prop('disabled', false);\n\t\t\t\t\t\tbutton.text('Load more');\n\n\t\t\t\t\t} else {\n\t\t\t\t\t\tbutton.closest('.ajax-load-more-wrap').fadeOut(300);\n\t\t\t\t\t}\n\t\t\t\t},\n\t\t\t\terror: function() {\n\t\t\t\t\tbutton.removeClass('loading');\n\t\t\t\t\tbutton.prop('disabled', false);\n\t\t\t\t\tbutton.text('Load more');\n\t\t\t\t}\n\t\t\t});\n\n\t\t});\n\n\t});\n\t<\/script>\n\n\t<\/div>\n\t\t<\/div>\n\t\t\t\t\t<\/div>\n\n\t\n<\/div>\n\t\t<\/div>\n\n\t\t\n<style>\n#section_2145792666 {\n  padding-top: 80px;\n  padding-bottom: 80px;\n}\n<\/style>\n\t<\/section>\n\t\n","protected":false},"excerpt":{"rendered":"","protected":false},"author":4,"featured_media":0,"parent":2699,"menu_order":0,"comment_status":"closed","ping_status":"closed","template":"page-transparent-header.php","meta":{"_acf_changed":false,"footnotes":""},"class_list":["post-2697","page","type-page","status-publish","hentry"],"acf":[],"_links":{"self":[{"href":"https:\/\/cdlaf.vn\/en\/wp-json\/wp\/v2\/pages\/2697","targetHints":{"allow":["GET"]}}],"collection":[{"href":"https:\/\/cdlaf.vn\/en\/wp-json\/wp\/v2\/pages"}],"about":[{"href":"https:\/\/cdlaf.vn\/en\/wp-json\/wp\/v2\/types\/page"}],"author":[{"embeddable":true,"href":"https:\/\/cdlaf.vn\/en\/wp-json\/wp\/v2\/users\/4"}],"replies":[{"embeddable":true,"href":"https:\/\/cdlaf.vn\/en\/wp-json\/wp\/v2\/comments?post=2697"}],"version-history":[{"count":5,"href":"https:\/\/cdlaf.vn\/en\/wp-json\/wp\/v2\/pages\/2697\/revisions"}],"predecessor-version":[{"id":11465,"href":"https:\/\/cdlaf.vn\/en\/wp-json\/wp\/v2\/pages\/2697\/revisions\/11465"}],"up":[{"embeddable":true,"href":"https:\/\/cdlaf.vn\/en\/wp-json\/wp\/v2\/pages\/2699"}],"wp:attachment":[{"href":"https:\/\/cdlaf.vn\/en\/wp-json\/wp\/v2\/media?parent=2697"}],"curies":[{"name":"wp","href":"https:\/\/api.w.org\/{rel}","templated":true}]}}